{"id":38685,"date":"2025-02-03T16:50:38","date_gmt":"2025-02-03T15:50:38","guid":{"rendered":"https:\/\/integratex-institut.com\/?page_id=38685"},"modified":"2025-02-03T17:18:33","modified_gmt":"2025-02-03T16:18:33","slug":"veranstaltungen","status":"publish","type":"page","link":"https:\/\/integratex-institut.com\/en\/veranstaltungen\/","title":{"rendered":"Veranstaltungen"},"content":{"rendered":"<div data-elementor-type=\"wp-page\" data-elementor-id=\"38685\" class=\"elementor elementor-38685\" data-elementor-post-type=\"page\">\n\t\t\t\t\t\t<section class=\"elementor-section elementor-top-section elementor-element elementor-element-25f200e elementor-section-boxed elementor-section-height-default elementor-section-height-default\" data-id=\"25f200e\" data-element_type=\"section\" data-settings=\"{&quot;background_background&quot;:&quot;classic&quot;}\">\n\t\t\t\t\t\t<div class=\"elementor-container elementor-column-gap-default\">\n\t\t\t\t\t<div class=\"elementor-column elementor-col-100 elementor-top-column elementor-element elementor-element-6064f5c\" data-id=\"6064f5c\" data-element_type=\"column\">\n\t\t\t<div class=\"elementor-widget-wrap elementor-element-populated\">\n\t\t\t\t\t\t<div class=\"elementor-element elementor-element-3d17908 elementor-widget elementor-widget-shortcode\" data-id=\"3d17908\" data-element_type=\"widget\" data-widget_type=\"shortcode.default\">\n\t\t\t\t<div class=\"elementor-widget-container\">\n\t\t\t\t\t\t\t<div class=\"elementor-shortcode\"><div class=\"emagic\">\n        <input type=\"hidden\" id=\"ep-events-style\" value=\"slider\"\/> \n    <div class=\"ep-events-container ep-box-wrap ep-slider-view ep-my-4\" id=\"ep-events-container\">\n                <form id=\"ep_event_search_form\" class=\"ep-box-search-form ep-box-bottom\" name=\"ep_event_search_form\" method=\"get\" role=\"search\" action=\"\">\n            <div class=\"ep-bg-light ep-border ep-rounded ep-px-3 ep-box-search-form-wrap\">\n                <div class=\"ep-box-row\">\n                    <div class=\"ep-box-col-8 ep-p-3 ep-position-relative ep-search-filter-bar\">\n                        <div class=\"ep-input-group\">\n                            <span class=\"ep-input-group-text ep-bg-white ep-text-muted\">\n                                <span class=\"material-icons-outlined\">search<\/span>\n                            <\/span>\n                            <input name=\"keyword\" id=\"ep_event_keyword_search\" type=\"search\" class=\"ep-form-control ep-form-control-sm ep-border-start-0\" placeholder=\"Search Keyword\" autocomplete=\"off\">\n                            <button class=\"ep-btn ep-btn-dark ep-btn-sm ep-z-index-1\" type=\"button\" id=\"ep_event_find_events_btn\">\n                                Find Events                            <\/button>\n                        <\/div>\n                        <div id=\"ep-search-filters\" class=\"ep-position-absolute ep-border ep-bg-white ep-rounded ep-p-4 ep-box-w-100 ep-shadow-sm\" style=\"visibility: hidden\" >\n            <div class=\"ep-box-row ep-text-small ep-mb-3 ep-py-4 ep-bg-light\">\n            <div class=\"ep-box-col-12 ep-text-small ep-mb-3\"><span class=\"ep-text-small ep-fw-bold ep-text-uppercase\">Quick searches<\/span><\/div>\n            <div class=\"ep-box-col-12\">\n                <span class=\"ep-px-2 ep-py-1 ep-di-inline-block ep-text-small ep-cursor ep-rounded-1 ep-mr-1 ep-mb-1 ep-bg-primary ep-bg-opacity-10 ep-filters-days\" id=\"ep_filter_next_weekend\" data-key=\"next_weekend\">Next Weekend<\/span>\n                <span class=\"ep-px-2 ep-py-1 ep-di-inline-block ep-text-small ep-cursor ep-rounded-1 ep-mr-1 ep-mb-1 ep-bg-primary ep-bg-opacity-10 ep-filters-days\" id=\"ep_filter_next_week\" data-key=\"next_week\">Next Week<\/span>\n                <span class=\"ep-px-2 ep-py-1 ep-di-inline-block ep-text-small ep-cursor ep-rounded-1 ep-mr-1 ep-mb-1 ep-bg-primary ep-bg-opacity-10 ep-filters-days\" id=\"ep_filter_next_month\" data-key=\"next_month\">Next Month<\/span>\n                <span class=\"ep-px-2 ep-py-1 ep-di-inline-block ep-text-small ep-cursor ep-rounded-1 ep-mr-1 ep-mb-1 ep-bg-primary ep-bg-opacity-10 ep-filters-days\" id=\"ep_filter_online\" data-key=\"online\">Online<\/span>\n            <\/div>\n        <\/div>\n            <div class=\"ep-box-row ep-mb-3\">\n            <div class=\"ep-box-col-12 ep-fw-bold ep-text-small\">Additional Filters<\/div>\n        <\/div>\n            <div class=\"ep-box-row ep-text-small ep-mb-2\">\n            <div class=\"ep-box-col-12 ep-text-small ep-mb-2\"><span class=\"ep-text-small ep-fw-bold ep-text-uppercase\">Date Range<\/span><\/div>\n            <div class=\"ep-box-col-4 ep-text-small\">\n                <div class=\"ep-input-group ep-mb-2\">\n                    <input type=\"text\" id=\"filter-date-from\" class=\"ep-form-control ep-form-control-sm\" placeholder=\"From\" readonly>\n                    <button class=\"ep-btn ep-btn-light ep-border ep-btn-sm ep-trigger-date-to ep-lh-0 ep-trigger-date-from\" type=\"button\"><span class=\"material-icons-outlined ep-fs-6\"><svg xmlns=\"http:\/\/www.w3.org\/2000\/svg\" enable-background=\"new 0 0 20 20\" height=\"20px\" viewbox=\"0 0 20 20\" width=\"20px\" fill=\"#5f6368\"><g><rect fill=\"none\" height=\"20\" width=\"20\" x=\"0\"\/><\/g><g><path d=\"M15.5,4H14V2h-1.5v2h-5V2H6v2H4.5C3.67,4,3,4.68,3,5.5v11C3,17.32,3.67,18,4.5,18h11c0.83,0,1.5-0.68,1.5-1.5v-11 C17,4.68,16.33,4,15.5,4z M15.5,16.5h-11V9h11V16.5z M15.5,7.5h-11v-2h11V7.5z M7.5,12H6v-1.5h1.5V12z M10.75,12h-1.5v-1.5h1.5V12z M14,12h-1.5v-1.5H14V12z M7.5,15H6v-1.5h1.5V15z M10.75,15h-1.5v-1.5h1.5V15z M14,15h-1.5v-1.5H14V15z\"\/><\/g><\/svg><\/span><\/button>\n                <\/div>\n            <\/div>\n            <div class=\"ep-box-col-4 ep-text-small\">\n                <div class=\"ep-input-group ep-mb-2\">\n                    <input type=\"text\" id=\"filter-date-to\" class=\"ep-form-control ep-form-control-sm\" placeholder=\"To\" readonly>\n                    <button class=\"ep-btn ep-btn-light ep-border ep-btn-sm ep-trigger-date-to ep-lh-0\" type=\"button\" ><span class=\"material-icons-outlined ep-fs-6\"><svg xmlns=\"http:\/\/www.w3.org\/2000\/svg\" enable-background=\"new 0 0 20 20\" height=\"20px\" viewbox=\"0 0 20 20\" width=\"20px\" fill=\"#5f6368\"><g><rect fill=\"none\" height=\"20\" width=\"20\" x=\"0\"\/><\/g><g><path d=\"M15.5,4H14V2h-1.5v2h-5V2H6v2H4.5C3.67,4,3,4.68,3,5.5v11C3,17.32,3.67,18,4.5,18h11c0.83,0,1.5-0.68,1.5-1.5v-11 C17,4.68,16.33,4,15.5,4z M15.5,16.5h-11V9h11V16.5z M15.5,7.5h-11v-2h11V7.5z M7.5,12H6v-1.5h1.5V12z M10.75,12h-1.5v-1.5h1.5V12z M14,12h-1.5v-1.5H14V12z M7.5,15H6v-1.5h1.5V15z M10.75,15h-1.5v-1.5h1.5V15z M14,15h-1.5v-1.5H14V15z\"\/><\/g><\/svg><\/span><\/button>\n                <\/div>\n            <\/div>\n            <div class=\"ep-box-col-4 ep-text-small\" id=\"filter-date-days-section\" style=\"display:none;\">\n                <select id=\"filter-date-days\" class=\"ep-form-select ep-form-select-sm\" aria-label=\".form-select-sm example\">\n                    <option selected=\"\" value=\"all\">All Days<\/option>\n                    <option value=\"weekdays\">Weekdays<\/option>\n                    <option vlaue=\"weekends\">Weekends<\/option>\n                <\/select>\n            <\/div>\n        <\/div>\n    \n    <div class=\"ep-box-row ep-text-small ep-mb-3\" style=\"display:none;\">\n        <div class=\"ep-box-col-12 ep-text-small ep-mb-2 d-none\"><span class=\"small fw-bold text-uppercase\">Location<\/span><\/div>\n        <div class=\"ep-box-col-4 ep-text-small\">\n            <div class=\"ep-input-group\">\n                <input type=\"text\" class=\"ep-form-control ep-form-control-sm\" placeholder=\"Your Zip\/ Pin\">\n                    <button class=\"ep-btn ep-btn-primary ep-btn-sm\" type=\"button\"><span class=\"material-icons-outlined ep-fs-6\">my_location<\/span><\/button>\n            <\/div>\n        <\/div>\n        <div class=\"ep-box-col-4\">\n            <select class=\"ep-form-select ep-form-select-sm\" aria-label=\".form-select-sm example\">\n                <option selected=\"\">Anywhere<\/option>\n                <option>Online Only<\/option>\n                <option value=\"1\" disabled=\"\">Within 50 miles<\/option>\n                <option value=\"2\" disabled=\"\">Within 100 miles<\/option>\n                <option value=\"3\" disabled=\"\">Within 250 miles<\/option>\n                <option value=\"3\" disabled=\"\">Within 500 miles<\/option>\n            <\/select>\n        <\/div>\n        <div class=\"ep-box-col-12 ep-mt-2 ep-text-small\">\n            <div class=\"ep-text-small ep-text-muted\">Please enter your Zip\/ Pin to enable distance related search options.<\/div>\n        <\/div>\n    <\/div>\n\n    <div class=\"ep-box-row ep-text-small ep-gy-3\" >\n        \n\n        <div class=\"ep-box-col-12 ep-rounded ep-p-3 ep-my-2\" style=\"display: none;\">\n            <label for=\"customRange1\" class=\"ep-form-label ep-text-small ep-fw-bold\">Ticket Price Range<\/label>\n            <input type=\"range\" class=\"ep-form-range\" id=\"customRange1\">\n                <div class=\"ep-d-flex ep-justify-content-between\">\n                    <div class=\"ep-input-group ep-input-group-sm ep-box-w-25\">\n                        <span class=\"ep-input-group-text\">$<\/span>\n                        <input type=\"text\" class=\"ep-form-control ep-form-control-sm\" value=\"20\">\n                    <\/div>                        \n                    <div class=\"ep-input-group ep-input-group-sm ep-box-w-25\">\n                        <span class=\"ep-input-group-text\">$<\/span>\n                        <input type=\"text\" class=\"ep-form-control ep-form-control-sm\" value=\"500\">\n                    <\/div>\n                <\/div>\n        <\/div>\n\n                                <div class=\"ep-box-col-6 ep-text-small\">\n                <div class=\"ep-input-group\">\n                    <select id=\"ep-filter-types\" class=\"ep-form-control ep-form-control-sm\" placeholder=\"Event Type\">\n                        <option selected=\"true\" disabled=\"disabled\">Event Type<\/option>\n                                                <option value=\"321\">Messe<\/option>\n                                            <\/select>\n                <\/div>\n            <\/div>\n                                    \n\n                                <div class=\"ep-box-col-6 ep-text-small\">\n                <div class=\"ep-input-group\">\n                    <select id=\"ep-filter-venues\" class=\"ep-form-control ep-form-control-sm\" placeholder=\"Venue\/ Location\">\n                        <option selected=\"true\" disabled=\"disabled\">Venue \/ Location<\/option>\n                                                <option value=\"319\">M\u00fcnchen<\/option>\n                                            <\/select>\n                <\/div>\n            <\/div>\n                                    \n\n                            \n                                <div class=\"ep-box-col-6 ep-text-small\">\n                <div class=\"ep-input-group\">\n                    <select id=\"ep-filter-org\" name=\"filter_organizer[]\" class=\"ep-form-control ep-form-control-sm\" placeholder=\"Organizers\" multiple=\"multiple\">\n                                            <option value=\"320\">Performance Days<\/option>\n                                        <\/select>\n                <\/div>\n            <\/div>\n                        <\/div>\n    \n<\/div>\n<script>\n  jQuery(document).ready(function() {\n    jQuery(\".ep-input-group\").on(\"click\", function() {\n        jQuery(\".select2-dropdown--below\").addClass(\"ep-filter-alignment\")\n        });\n  });\n<\/script>                        <div class=\"ep-search-filter-overlay\" style=\"display: none;\"><\/div>\n                    <\/div>\n                    <div class=\"ep-box-col-4 ep-p-3 ep-d-flex ep-align-items-center ep-justify-content-end ep-event-views-col\">\n                        <div class=\"ep-btn-group ep-overflow-hidden ep-event-views-filter-group\" role=\"Event view Filters\">\n            <button type=\"button\" class=\"ep-btn ep-btn-outline-primary ep_event_view_filter\" id=\"ep_event_view_calendar\" title=\"Calendar View\" data-event_view=\"month\">\n            <span class=\"material-icons-outlined ep-fs-6\"> <svg xmlns=\"http:\/\/www.w3.org\/2000\/svg\" enable-background=\"new 0 0 20 20\" height=\"18px\" viewbox=\"0 0 20 20\" width=\"18px\" fill=\"#000000\" class=\"ep_calendar_month ep-btn-text-fill-color\"><g><rect fill=\"none\" height=\"20\" width=\"20\" x=\"0\"\/><\/g><g><path d=\"M15.5,4H14V2h-1.5v2h-5V2H6v2H4.5C3.67,4,3,4.68,3,5.5v11C3,17.32,3.67,18,4.5,18h11c0.83,0,1.5-0.68,1.5-1.5v-11 C17,4.68,16.33,4,15.5,4z M15.5,16.5h-11V9h11V16.5z M15.5,7.5h-11v-2h11V7.5z M7.5,12H6v-1.5h1.5V12z M10.75,12h-1.5v-1.5h1.5V12z M14,12h-1.5v-1.5H14V12z M7.5,15H6v-1.5h1.5V15z M10.75,15h-1.5v-1.5h1.5V15z M14,15h-1.5v-1.5H14V15z\"\/><\/g><\/svg><\/span>\n        <\/button>\n        \n            <button type=\"button\" class=\"ep-btn ep-btn-outline-primary ep_event_view_filter\" id=\"ep_event_view_card\" title=\"Square Grid View\" data-event_view=\"square_grid\">\n            <span class=\"material-icons-outlined ep-fs-6\"><svg xmlns=\"http:\/\/www.w3.org\/2000\/svg\" enable-background=\"new 0 0 24 24\" height=\"18px\" viewbox=\"0 0 24 24\" width=\"18px\" fill=\"#000000\" class=\"ep_grid_view ep-btn-text-fill-color\"><g><rect fill=\"none\" height=\"24\" width=\"24\"\/><\/g><g><g><g><path d=\"M3,3v8h8V3H3z M9,9H5V5h4V9z M3,13v8h8v-8H3z M9,19H5v-4h4V19z M13,3v8h8V3H13z M19,9h-4V5h4V9z M13,13v8h8v-8H13z M19,19h-4v-4h4V19z\"\/><\/g><\/g><\/g><\/svg><\/span>\n        <\/button>\n        \n            <button type=\"button\" class=\"ep-btn ep-btn-outline-primary ep_event_view_filter\" id=\"ep_event_view_list\" title=\"Stacked Rows View\" data-event_view=\"rows\">\n            <span class=\"material-icons-outlined ep-fs-6\"><svg xmlns=\"http:\/\/www.w3.org\/2000\/svg\" enable-background=\"new 0 0 20 20\" height=\"18px\" viewbox=\"0 0 20 20\" width=\"18px\" fill=\"#000000\" class=\"ep_view_agenda ep-btn-text-fill-color\"><g><rect fill=\"none\" height=\"20\" width=\"20\" y=\"0\"\/><\/g><g><g><path d=\"M15.5,3h-11C3.67,3,3,3.67,3,4.5v3C3,8.33,3.67,9,4.5,9h11C16.33,9,17,8.33,17,7.5v-3C17,3.67,16.33,3,15.5,3z M15.5,7.5 h-11v-3h11V7.5z\"\/><path d=\"M15.5,11h-11C3.67,11,3,11.67,3,12.5v3C3,16.33,3.67,17,4.5,17h11c0.83,0,1.5-0.67,1.5-1.5v-3C17,11.67,16.33,11,15.5,11z M15.5,15.5h-11v-3h11V15.5z\"\/><\/g><\/g><\/svg><\/span>\n        <\/button>\n        \n            <button type=\"button\" class=\"ep-btn ep-btn-outline-primary ep_event_view_filter\" id=\"ep_event_view_masonry\" title=\"Staggered Grid View\" data-event_view=\"staggered_grid\">\n            <span class=\"material-icons-outlined ep-fs-6\"> <svg xmlns=\"http:\/\/www.w3.org\/2000\/svg\" height=\"18px\" viewbox=\"0 0 24 24\" width=\"18px\" fill=\"#000000\" class=\"ep_dashboard ep-btn-text-fill-color\"><path d=\"M0 0h24v24H0V0z\" fill=\"none\"\/><path d=\"M19 5v2h-4V5h4M9 5v6H5V5h4m10 8v6h-4v-6h4M9 17v2H5v-2h4M21 3h-8v6h8V3zM11 3H3v10h8V3zm10 8h-8v10h8V11zm-10 4H3v6h8v-6z\"\/><\/svg><\/span>\n        <\/button>\n        \n            <button type=\"button\" class=\"ep-btn ep-btn-outline-primary ep_event_view_filter ep-active-view\" id=\"ep_event_view_slider\" title=\"Slider View\" data-event_view=\"slider\">\n            <span class=\"material-icons-outlined ep-fs-6\"><svg xmlns=\"http:\/\/www.w3.org\/2000\/svg\" height=\"18px\" viewbox=\"0 0 24 24\" width=\"18px\" fill=\"#000000\"class=\"ep_panorama_horizontal ep-btn-text-fill-color\"><path d=\"M0 0h24v24H0V0z\" fill=\"none\"\/><path d=\"M20 6.54v10.91c-2.6-.77-5.28-1.16-8-1.16s-5.4.39-8 1.16V6.54c2.6.77 5.28 1.16 8 1.16 2.72.01 5.4-.38 8-1.16M21.43 4c-.1 0-.2.02-.31.06C18.18 5.16 15.09 5.7 12 5.7s-6.18-.55-9.12-1.64C2.77 4.02 2.66 4 2.57 4c-.34 0-.57.23-.57.63v14.75c0 .39.23.62.57.62.1 0 .2-.02.31-.06 2.94-1.1 6.03-1.64 9.12-1.64s6.18.55 9.12 1.64c.11.04.21.06.31.06.33 0 .57-.23.57-.63V4.63c0-.4-.24-.63-.57-.63z\"\/><\/svg><\/span>\n        <\/button>\n    <\/div>                    <\/div>\n                <\/div>\n            <\/div>\n            <!-- Filters Applied Row -->\n            <div class=\"ep-box-row ep-mt-3\" id=\"ep_event_various_filters_section\" style=\"display:none;\">\n                <div class=\"ep-box-col-12 ep-mb-3\" id=\"ep_filter_count_clear\" >\n                    <span class=\"ep-text-small ep-mr-2\" id=\"ep_total_filters_applied\"><\/span>\n                    <a class=\"ep-text-small\" href=\"https:\/\/integratex-institut.com\/en\/veranstaltungen\/\">Clear All<\/a>\n                <\/div>\n                <div class=\"ep-box-col-12\" id=\"ep_applied_filters_section\" ><\/div>\n            <\/div>\n\n            <!-- Event Loader -->\n                    <div class=\"ep-event-loader\" role=\"alert\" aria-live=\"polite\" style=\"display:flex;\">\n            <div class=\"ep-event-loader-circles-wrap\">\n                <svg class=\"ep-event-loader-circle-icon ep-event-loader-circle-icon-dot ep-event-loader-circle-dot ep-event-loader-first\" viewbox=\"0 0 15 15\" xmlns=\"http:\/\/www.w3.org\/2000\/svg\"><circle cx=\"7.5\" cy=\"7.5\" r=\"7.5\"><\/circle><\/svg>\n                <svg class=\"ep-event-loader-circle-icon ep-event-loader-circle-icon-dot ep-event-loader-circle-dot ep-event-loader-second\" viewbox=\"0 0 15 15\" xmlns=\"http:\/\/www.w3.org\/2000\/svg\"><circle cx=\"7.5\" cy=\"7.5\" r=\"7.5\"><\/circle><\/svg>\n                <svg class=\"ep-event-loader-circle-icon ep-event-loader-circle-icon-dot ep-event-loader-circle-dot ep-event-loader-third\" viewbox=\"0 0 15 15\" xmlns=\"http:\/\/www.w3.org\/2000\/svg\"><circle cx=\"7.5\" cy=\"7.5\" r=\"7.5\"><\/circle><\/svg>\n            <\/div>\n        <\/div>            <!-- Event Loader End -->\n            <!-- Filters Applied Row End -->\n        <input type=\"hidden\" name=\"trp-form-language\" value=\"en\"\/><\/form>\n                    \n        \n        <div id=\"ep-events-content-container\" class=\"ep-mt-4\">                <div class=\"ep-events ep-box-row ep-event-list-slider-container  ep_events_front_views_slider_483\" id=\"ep_events_front_views_slider\" data-section_id=\"483\">\n                    <div class=\"ep-event-res-slider ep-box-col-12 ep-p-0 ep-m-0\">\n\n            <div class=\"ep-slider-items ep-d-flex\">\n                        <div class=\"ep-bg-white ep-slide-item ep-slide-item-left ep-event-expired ep-d-flex ep-flex-1 ep-flex-column\">\n                \n                <div class=\"ep-box-title ep-box-card-title ep-text-truncate\">\n                    <a href=\"https:\/\/integratex-institut.com\/en\/veranstaltungen\/?event=39631\"  class=\"ep-fw-bold ep-fs-3 ep-mt-3 ep-text-dark\">\n                        PERFORMANCE DAYS 2025                    <\/a>\n                <\/div>                    <div class=\"ep-box-card-venue ep-card-venue ep-text-muted ep-text-truncate\">M\u00fcnchen                    <\/div>                    <div class=\"ep-event-details ep-d-flex ep-justify-content-between ep-mb-2\">\n                        <div class=\"ep-card-event-date ep-d-flex ep-text-muted\">\n                            <div class=\"ep-card-event-date-wrap ep-d-flex ep-fw-bold\">\n                                                                    <span class=\"ep-card-event-date-start ep-text-primary\">\n                                        Wed, 29 Oct 00:00                                    <\/span>                            <\/div>\n                        <\/div>\n                    <\/div>\n                 \n                \n                <!-- Event Description -->\n                <div class=\"ep-box-card-desc ep-text-small ep-mb-auto\">\n                    Die halbj\u00e4hrliche in M\u00fcnchen stattfindende Fachmesse f\u00fcr Funktionstextilien PERFORMANCE DAYS ist der Ausgangspunkt f\u00fcr Innovationen, Trends und Produktneuheiten aus den Bereichen Funktionstextilien, Schuhe, Bodywear und Accessoires. Gegr\u00fcndet 2008 als Plattform f\u00fcr den funktionellen Sport- und Arbeitsbekleidungsbereich f\u00fcr Textilien, Garne, Veredelungen und Accessoires ist PERFORMANCE DAYS inzwischen das Leit-Event der Branche. Designer aus Sport und Sportmode, Produktmanager und Entscheider nahezu aller europ\u00e4ischen Sport- und Outdoormarken finden hier eine komplette Pr\u00e4sentation hochwertiger Funktionsstoffe und Materialien genau zum richtigen Zeitpunkt: zum Auftakt der Sommer- und Winterkollektionen. Der Eintritt zur Messe und zum einzigartigen Programm aus Guided Tours, Workshops und Expert Talks ist kostenlos.\r\n\r\nAdresse: Mayerbacherstr. 32 85737 Ismaning, Trade Fair Center Messe M\u00fcnchen                <\/div>\n\n                <!-- Hook after event description -->\n                \n                <!-- Event Price -->\n                                \n                <!-- Booking Status -->\n                <div class=\"ep-slider-view-booking-count\">\n                                <\/div>\n\n                \n                <div class=\"ep-text-center ep-slide-button-area\">\n                    \t\t\t\t<a href=\"https:\/\/integratex-institut.com\/en\/veranstaltungen\/?event=39631\" >\n\t\t\t\t\t<div class=\"ep-btn ep-btn-dark ep-box-w-100 ep-my-0 ep-py-2\">\n\t\t\t\t\t\t<span class=\"ep-fw-bold ep-text-small\">\n\t\t\t\t\t\t    View Details\t\t\t\t\t\t<\/span>\n\t\t\t\t\t<\/div>\n\t\t\t\t<\/a>                <\/div>\n\n                            <\/div>\n            <div class=\"ep-slide-item ep-slide-item-right\">\n                <div class=\"ep-list-icon-group ep-slider-icon-group ep-position-absolute ep-bg-white ep-rounded ep-d-inline-flex ep-mt-3 ep-ml-3\">\n                    <!--wishlist-->\n                                        <!--social sharing-->\n                                        \n                                    <\/div>\n                                    <a href=\"https:\/\/integratex-institut.com\/en\/veranstaltungen\/?event=39631\"  class=\"ep-img-link\">\n                        <img fetchpriority=\"high\" decoding=\"async\" width=\"640\" height=\"366\" src=\"https:\/\/integratex-institut.com\/wp-content\/uploads\/2025\/02\/envato-labs-ai-3e6c505c-3122-4f4b-bb7f-6dae5e8cfa36-1024x585.jpg\" class=\"img-fluid ep-rounded-1 ep-box-w-100\" alt=\"PERFORMANCE DAYS 2025\" srcset=\"https:\/\/integratex-institut.com\/wp-content\/uploads\/2025\/02\/envato-labs-ai-3e6c505c-3122-4f4b-bb7f-6dae5e8cfa36-1024x585.jpg 1024w, https:\/\/integratex-institut.com\/wp-content\/uploads\/2025\/02\/envato-labs-ai-3e6c505c-3122-4f4b-bb7f-6dae5e8cfa36-300x171.jpg 300w, https:\/\/integratex-institut.com\/wp-content\/uploads\/2025\/02\/envato-labs-ai-3e6c505c-3122-4f4b-bb7f-6dae5e8cfa36-768x439.jpg 768w, https:\/\/integratex-institut.com\/wp-content\/uploads\/2025\/02\/envato-labs-ai-3e6c505c-3122-4f4b-bb7f-6dae5e8cfa36-18x10.jpg 18w, https:\/\/integratex-institut.com\/wp-content\/uploads\/2025\/02\/envato-labs-ai-3e6c505c-3122-4f4b-bb7f-6dae5e8cfa36-600x343.jpg 600w, https:\/\/integratex-institut.com\/wp-content\/uploads\/2025\/02\/envato-labs-ai-3e6c505c-3122-4f4b-bb7f-6dae5e8cfa36-760x434.jpg 760w, https:\/\/integratex-institut.com\/wp-content\/uploads\/2025\/02\/envato-labs-ai-3e6c505c-3122-4f4b-bb7f-6dae5e8cfa36-370x211.jpg 370w, https:\/\/integratex-institut.com\/wp-content\/uploads\/2025\/02\/envato-labs-ai-3e6c505c-3122-4f4b-bb7f-6dae5e8cfa36.jpg 1344w\" sizes=\"(max-width: 767px) 100vw, 640px\" \/>                    <\/a>            <\/div>\n        <\/div>    \n  \n<\/div>\n<div class=\"ep-event-slider-nav\"><\/div>\n<script>\n    jQuery(function() {\n        jQuery('.ep-event-res-slider').responsiveSlides({\n            auto: true, \n            speed: 500, \n            timeout: 4000, \n            pager: false, \n            nav: true, \n            random: false, \n            pause: true, \n            pauseControls: true, \n            prevText: \"<span class='material-icons-outlined'> arrow_back_ios <\/span>\", \n            nextText: \"<span class='material-icons-outlined'> arrow_forward_ios<\/span>\", \n            maxwidth: \"\", \n            navContainer: \".ep-event-slider-nav\", \n            manualControls: \"mundi\",\n            namespace: \"ep-event-rslides\"\n        });\n    });\n<\/script>                 <\/div>                                <\/div>\n            <\/div><\/div><\/div>\n\t\t\t\t\t\t<\/div>\n\t\t\t\t<\/div>\n\t\t\t\t\t<\/div>\n\t\t<\/div>\n\t\t\t\t\t<\/div>\n\t\t<\/section>\n\t\t\t\t<\/div>","protected":false},"excerpt":{"rendered":"","protected":false},"author":1,"featured_media":0,"parent":0,"menu_order":0,"comment_status":"closed","ping_status":"closed","template":"","meta":{"give_campaign_id":0,"footnotes":""},"class_list":["post-38685","page","type-page","status-publish","hentry"],"campaignId":"","_links":{"self":[{"href":"https:\/\/integratex-institut.com\/en\/wp-json\/wp\/v2\/pages\/38685","targetHints":{"allow":["GET"]}}],"collection":[{"href":"https:\/\/integratex-institut.com\/en\/wp-json\/wp\/v2\/pages"}],"about":[{"href":"https:\/\/integratex-institut.com\/en\/wp-json\/wp\/v2\/types\/page"}],"author":[{"embeddable":true,"href":"https:\/\/integratex-institut.com\/en\/wp-json\/wp\/v2\/users\/1"}],"replies":[{"embeddable":true,"href":"https:\/\/integratex-institut.com\/en\/wp-json\/wp\/v2\/comments?post=38685"}],"version-history":[{"count":0,"href":"https:\/\/integratex-institut.com\/en\/wp-json\/wp\/v2\/pages\/38685\/revisions"}],"wp:attachment":[{"href":"https:\/\/integratex-institut.com\/en\/wp-json\/wp\/v2\/media?parent=38685"}],"curies":[{"name":"wp","href":"https:\/\/api.w.org\/{rel}","templated":true}]}}