{"id":6,"date":"2023-12-12T05:42:11","date_gmt":"2023-12-12T05:42:11","guid":{"rendered":"https:\/\/themexriver.com\/wp\/arktec\/?page_id=6"},"modified":"2025-03-27T18:18:56","modified_gmt":"2025-03-27T17:18:56","slug":"forschung","status":"publish","type":"page","link":"https:\/\/integratex-institut.com\/en\/forschung\/","title":{"rendered":"Forschung"},"content":{"rendered":"<div data-elementor-type=\"wp-page\" data-elementor-id=\"6\" class=\"elementor elementor-6\" data-elementor-post-type=\"page\">\n\t\t\t\t\t\t<section class=\"elementor-section elementor-top-section elementor-element elementor-element-75ca8c2 elementor-section-full_width elementor-section-stretched elementor-section-height-default elementor-section-height-default\" data-id=\"75ca8c2\" data-element_type=\"section\" data-settings=\"{&quot;stretch_section&quot;:&quot;section-stretched&quot;}\">\n\t\t\t\t\t\t<div class=\"elementor-container elementor-column-gap-default\">\n\t\t\t\t\t<div class=\"elementor-column elementor-col-100 elementor-top-column elementor-element elementor-element-8bea191\" data-id=\"8bea191\" data-element_type=\"column\">\n\t\t\t<div class=\"elementor-widget-wrap elementor-element-populated\">\n\t\t\t\t\t\t<div class=\"elementor-element elementor-element-329451a elementor-widget elementor-widget-archid-section-heading\" data-id=\"329451a\" data-element_type=\"widget\" data-widget_type=\"archid-section-heading.default\">\n\t\t\t\t<div class=\"elementor-widget-container\">\n\t\t\t\t\t<div class=\"section-title-wrap prthalign\">\n     \n        <h6 class=\"ard-subtitle-9\"><span class=\"icon-1\"><\/span>Das wollen wir erreichen<\/h6>\n        <h6 class=\"ard-title-9\"><span class=\"ard-title-animation-one\">Forschung, die bewegt<\/span><\/h6>\n     \n        <p class=\"ard-para-9\">Durch die Adaption nat\u00fcrlicher Mechanismen, etwa der Temperaturregulierung oder Zellregulation, kann diese Kleidung den Sauerstoffgehalt erh\u00f6hen, die Herzrate st\u00e4rken und die Regeneration f\u00f6rdern. Sie kann das Wohlbefinden steigern, indem sie nat\u00fcrliche Prozesse wie die Regulierung von Feuchtigkeit, die mikroelektrische Spannung der Haut oder antibakterielle F\u00e4higkeiten optimiert. Dabei bleibt sie im Einklang mit \u00f6kologischen Prinzipien, weil nachhaltig gewonnene und biologisch abbaubare nat\u00fcrliche Materialien verwendet werden.<\/p>\n    <\/div>\n\t\t\t\t<\/div>\n\t\t\t\t<\/div>\n\t\t\t\t<div class=\"elementor-element elementor-element-618145f elementor-widget elementor-widget-text-editor\" data-id=\"618145f\" data-element_type=\"widget\" data-widget_type=\"text-editor.default\">\n\t\t\t\t<div class=\"elementor-widget-container\">\n\t\t\t\t\t\t\t\t\t<p><span style=\"color: var(--ar-body-color); font-family: var(--ar-body-font); font-weight: var(--bs-body-font-weight);\">Wir gehen noch einen Schritt weiter: F\u00fcr uns ist Kleidung nicht nur aus gesundheitlicher und energetischer Perspektive zu betrachten, sondern sie beeinflusst auch unsere spirituelle Entwicklung. Denn Mode kann auch diese Dimension annehmen. Sie wird dann mehr als nur ein Ausdruck der Selbstdarstellung, sondern spiegelt das Bed\u00fcrfnis des Menschen wider, seine Welterfahrung zu vertiefen und pers\u00f6nliche Erf\u00fcllung in seiner Entwicklung und Ausdruck zu finden. Mode wird in diesem Sinne zu einem Werkzeug, das innere Prozesse sichtbar macht und die Verbindung zwischen \u00e4u\u00dferer Erscheinung und innerem Wachstum st\u00e4rkt.<\/span><\/p>\n<p>Mittlerweile gibt es eine gro\u00dfe Gesundheitsbewegung in den Bereichen Nahrungserg\u00e4nzungsmittel, Kosmetik und Bewegung. Wir sehen uns als das fehlende Puzzleteil, das bislang noch nicht im Fokus stand. Mit unserem Ansatz schlie\u00dfen wir die L\u00fccke zwischen \u00e4u\u00dferer Pflege, innerer Gesundheit und ganzheitlichem Wohlbefinden. Unser Beitrag erg\u00e4nzt die bestehenden Trends und bringt einen neuen, bislang vernachl\u00e4ssigten Aspekt ins Spiel. Gemeinsam schaffen wir so mit unserer Forschung ein vollst\u00e4ndiges Bild von Gesundheit und Lebensqualit\u00e4t.<\/p>\t\t\t\t\t\t\t\t<\/div>\n\t\t\t\t<\/div>\n\t\t\t\t\t<\/div>\n\t\t<\/div>\n\t\t\t\t\t<\/div>\n\t\t<\/section>\n\t\t\t\t<section class=\"elementor-section elementor-top-section elementor-element elementor-element-2b1536e elementor-section-full_width elementor-section-stretched elementor-section-height-default elementor-section-height-default\" data-id=\"2b1536e\" data-element_type=\"section\" data-settings=\"{&quot;stretch_section&quot;:&quot;section-stretched&quot;}\">\n\t\t\t\t\t\t<div class=\"elementor-container elementor-column-gap-no\">\n\t\t\t\t\t<div class=\"elementor-column elementor-col-100 elementor-top-column elementor-element elementor-element-d349291\" data-id=\"d349291\" data-element_type=\"column\">\n\t\t\t<div class=\"elementor-widget-wrap elementor-element-populated\">\n\t\t\t\t\t\t<div class=\"elementor-element elementor-element-59dfd68 elementor-widget__width-inherit elementor-widget elementor-widget-archid-about\" data-id=\"59dfd68\" data-element_type=\"widget\" data-widget_type=\"archid-about.default\">\n\t\t\t\t<div class=\"elementor-widget-container\">\n\t\t\t\t\t        <section id=\"ar-about\" class=\"ar-about-section\">\n\t\t<div class=\"container\">\n\t\t\t<div class=\"ar-about-tab-counter-content d-flex\">\n\t\t\t\t<div class=\"ar-about-tab-content-area\">\n\t\t\t\t\t<div class=\"ar-about-tab-btn ar-tab-btn wow fadeInLeft\"  data-wow-delay=\"300ms\" data-wow-duration=\"1000ms\">\n\t\t\t\t\t\t<div class=\"nav nav-tabs\" id=\"nav-tab\" role=\"tablist\">\n                        \n                            \t\t\t\t\t\t\t<button class=\"nav-link active\" id=\"nav-home-tab0\" data-bs-toggle=\"tab\" data-bs-target=\"#nav-home0\" type=\"button\" role=\"tab\" aria-controls=\"nav-home\" aria-selected=\"true\">Essenz<\/button>\n                            \t\t\t\t\t\t\t<button class=\"nav-link\" id=\"nav-home-tab1\" data-bs-toggle=\"tab\" data-bs-target=\"#nav-home1\" type=\"button\" role=\"tab\" aria-controls=\"nav-home\" aria-selected=\"true\">Wirkung<\/button>\n                            \t\t\t\t\t\t\t<button class=\"nav-link\" id=\"nav-home-tab2\" data-bs-toggle=\"tab\" data-bs-target=\"#nav-home2\" type=\"button\" role=\"tab\" aria-controls=\"nav-home\" aria-selected=\"true\">Vision<\/button>\n                            \t\t\t\t\t\t<\/div>\n\t\t\t\t\t<\/div>\n\t\t\t\t\t<div class=\"ar-about-tab-content  wow fadeInUp\"  data-wow-delay=\"400ms\" data-wow-duration=\"1000ms\">\n\t\t\t\t\t\t<div class=\"tab-content\" id=\"nav-tabContent\">\n                            \t\t\t\t\t\t\t<div class=\"tab-pane animated fadeInUp show active\" id=\"nav-home0\" role=\"tabpanel\" aria-labelledby=\"nav-home-tab0\">\n                                Dabei orientieren wir uns an der Trinit\u00e4t von K\u00f6rper, Geist und Seele \u2013 drei untrennbaren Aspekten, die miteinander in Harmonie stehen m\u00fcssen, um Wohlbefinden und Vitalit\u00e4t zu f\u00f6rdern. Durch diese Synergie entsteht ein neues Bewusstsein f\u00fcr die Verbindung von Wissenschaft, Spiritualit\u00e4t und Alltag.\t\t\t\t\t\t\t<\/div>\n                            \t\t\t\t\t\t\t<div class=\"tab-pane animated fadeInUp\" id=\"nav-home1\" role=\"tabpanel\" aria-labelledby=\"nav-home-tab1\">\n                                Energiegeladene Kleidung wirkt als Br\u00fccke zwischen diesen drei Ebenen. Mit ausgew\u00e4hlten Messmethoden analysieren wir die Wirkung auf das gesamte Energiesystem des Menschen.\t\t\t\t\t\t\t<\/div>\n                            \t\t\t\t\t\t\t<div class=\"tab-pane animated fadeInUp\" id=\"nav-home2\" role=\"tabpanel\" aria-labelledby=\"nav-home-tab2\">\n                                Eine Kleidung, die st\u00e4rkt und belebt\u2013 und so die Trinit\u00e4t von K\u00f6rper, Geist und Seele in Harmonie bringt.\t\t\t\t\t\t\t<\/div>\n                            \t\t\t\t\t\t<\/div>\n\t\t\t\t\t<\/div>\n\t\t\t\t\t<div class=\"ar-about-skill wow fadeInUp\"  data-wow-delay=\"450ms\" data-wow-duration=\"1000ms\">\n                                        \n                            <div class=\"skill-set-percent headline\">\n                                <div class=\"progress\">\n                                    <div class=\"progress-bar\" data-percent=\"100\"><\/div>\n                                <\/div>\n                                <h4>Zukunftsorientiert<\/h4>\n                            <\/div>\n                                        \n                            <div class=\"skill-set-percent headline\">\n                                <div class=\"progress\">\n                                    <div class=\"progress-bar\" data-percent=\"100\"><\/div>\n                                <\/div>\n                                <h4>Innovativ<\/h4>\n                            <\/div>\n                        \n\t\t\t\t\t<\/div>\n\t\t\t\t<\/div>\n\t\t\t\t<div class=\"ar-about-counter-area pera-content wow fadeInRight\"  data-wow-delay=\"500ms\" data-wow-duration=\"1000ms\">\n                    \t\t\t\t\t    <p>Kleidung ist f\u00fcr uns mehr als eine \u00e4u\u00dfere H\u00fclle, die entweder modische oder zweckgebundene Funktionsleistungen erbringen soll. Wir betrachten Kleidung aus ganzheitlicher und energetischer Perspektive und gehen noch einen Schritt weiter: Wir gehen davon aus, dass sie ebenso unsere spirituelle Entwicklung beeinflusst.<\/p>\n                    \t\t\t\t\t<div class=\"ar-about-counter-img-wrap d-flex justify-content-between\">\n                                                    <div class=\"about-counter-img\">\n                                <img decoding=\"async\" src=\"http:\/\/integratex-institut.com\/wp-content\/uploads\/2025\/01\/frontseitenbild-e1738073747176.png\" alt=\"\">\n                            <\/div>\n                        \t\t\t\t\t\t<div class=\"ar-about-counter-number\">\n                                                            <div class=\"counter-number-text headline d-flex align-items-center\">\n                                    <h3 class=\"odometer\" data-count=\"99\">99<\/h3>\n                                    <span>K\u00f6rper<\/span>\n                                <\/div>\n                                                            <div class=\"counter-number-text headline d-flex align-items-center\">\n                                    <h3 class=\"odometer\" data-count=\"99\">99<\/h3>\n                                    <span>Geist <\/span>\n                                <\/div>\n                                                            <div class=\"counter-number-text headline d-flex align-items-center\">\n                                    <h3 class=\"odometer\" data-count=\"99\">99<\/h3>\n                                    <span>Seele <\/span>\n                                <\/div>\n                            \t\t\t\t\t\t<\/div>\n\t\t\t\t\t<\/div>\n\t\t\t\t<\/div>\n\t\t\t<\/div>\n\t\t<\/div>\n\t<\/section>\t\n\t\t\t\t\t<\/div>\n\t\t\t\t<\/div>\n\t\t\t\t\t<\/div>\n\t\t<\/div>\n\t\t\t\t\t<\/div>\n\t\t<\/section>\n\t\t\t\t<section class=\"elementor-section elementor-top-section elementor-element elementor-element-86f029e elementor-section-full_width elementor-section-stretched elementor-hidden-mobile elementor-section-height-default elementor-section-height-default\" data-id=\"86f029e\" data-element_type=\"section\" data-settings=\"{&quot;stretch_section&quot;:&quot;section-stretched&quot;}\">\n\t\t\t\t\t\t<div class=\"elementor-container elementor-column-gap-default\">\n\t\t\t\t\t<div class=\"elementor-column elementor-col-100 elementor-top-column elementor-element elementor-element-6e67073\" data-id=\"6e67073\" data-element_type=\"column\">\n\t\t\t<div class=\"elementor-widget-wrap elementor-element-populated\">\n\t\t\t\t\t\t<div class=\"elementor-element elementor-element-3df1d8d elementor-widget elementor-widget-archid-video-popup\" data-id=\"3df1d8d\" data-element_type=\"widget\" data-widget_type=\"archid-video-popup.default\">\n\t\t\t\t<div class=\"elementor-widget-container\">\n\t\t\t\t\t        <div class=\"ar-video-play-section\">\n            <div class=\"ar-video-play-content headline position-relative\">\n            <div class=\"background_overlay\"><\/div>\n                <div class=\"ar-video-bg\">\n                    <video autoplay muted loop playsinline preload=\"metadata\"><source src=\"http:\/\/integratex-institut.com\/wp-content\/uploads\/2025\/01\/Elegant-Sphere-Vibrations-9.mov\" type=\"video\/mp4\">\n                    <\/video>\n                <\/div>\n                <h3 class=\"tx-split-text split-in-up\">Wir verbinden moderne Wissenschaft, Frequenztechnologie und eine ganzheitliche Sichtweise auf den Menschen.<\/h3>\n            <\/div>\n        <\/div>\n\t\t\t\t<\/div>\n\t\t\t\t<\/div>\n\t\t\t\t\t<\/div>\n\t\t<\/div>\n\t\t\t\t\t<\/div>\n\t\t<\/section>\n\t\t\t\t<section class=\"elementor-section elementor-top-section elementor-element elementor-element-d2e6686 elementor-section-full_width elementor-section-stretched elementor-section-height-default elementor-section-height-default\" data-id=\"d2e6686\" data-element_type=\"section\" data-settings=\"{&quot;stretch_section&quot;:&quot;section-stretched&quot;}\">\n\t\t\t\t\t\t<div class=\"elementor-container elementor-column-gap-no\">\n\t\t\t\t\t<div class=\"elementor-column elementor-col-100 elementor-top-column elementor-element elementor-element-f678779\" data-id=\"f678779\" data-element_type=\"column\">\n\t\t\t<div class=\"elementor-widget-wrap elementor-element-populated\">\n\t\t\t\t\t\t<div class=\"elementor-element elementor-element-a5d270d elementor-widget elementor-widget-archid-testimonial\" data-id=\"a5d270d\" data-element_type=\"widget\" data-widget_type=\"archid-testimonial.default\">\n\t\t\t\t<div class=\"elementor-widget-container\">\n\t\t\t\t\t    <section id=\"ar-testimonial-sponsor\" class=\"ar-testimonial-sponsor-section\">\n\t\t<div class=\"container\">\n\t\t\t<div class=\"ar-testimonial-sponsor-content d-flex\">\n\t\t\t\t<div class=\"ar-testimonial-sponsor-1\">\n\t\t\t\t\t<div class=\"ar-testimonial-1\">\n\t\t\t\t\t\t<div class=\"ar-testimonial-slider-1 swiper-container\">\n\t\t\t\t\t\t\t<div class=\"swiper-wrapper\">\n                                                                    <div class=\"swiper-slide\">\n                                        <div class=\"ar-testimonial-item-1\">\n                                            <div class=\"ar-testimonial-quote text-center\">\n                                                <i class=\"far fa-quote-right\"><\/i>\n                                            <\/div>\n                                            <div class=\"ar-testimonial-text headline pera-content\">\n                                                <p class=\"text-center\">Unsere Forschung geht \u00fcber herk\u00f6mmliche wissenschaftliche Konzepte hinaus. Uns ist bewusst das Innovation nur erreicht werden kann, wenn Standards \u00fcberwunden werden. Durch das Einnehmen einer Metaperspektive kann ein Forscher unbefangen neue Dinge entdecken. Mit unseren Forschungsans\u00e4tzen befinden wir uns in Quantenfeldern, die ebenso durch das menschliche Sch\u00f6pferpotential formbar sind und dadurch nicht in klassische wissenschaftlich anerkannte Methoden passen.<\/p>\n                                                <div class=\"ar-testimonial-author d-flex align-items-center justify-content-center\">\n                                                    <div class=\"author-img d-flex justify-content-center align-items-center\">\n                                                        <img decoding=\"async\" src=\"http:\/\/integratex-institut.com\/wp-content\/uploads\/2024\/01\/logo-integratex-ball.svg\" alt=\"\">\n                                                    <\/div>\n                                                    <div class=\"author-text ar-headline\">\n                                                        <h3><\/h3>\n                                                        <span><\/span>\n                                                    <\/div>\n                                                <\/div>\n                                            <\/div>\n                                        <\/div>\n                                    <\/div>\n                                \t\t\t\t\t\t\t<\/div>\n\t\t\t\t\t\t\t<div class=\"ar-testi-dot-1 d-flex justify-content-center\"><\/div>\n\t\t\t\t\t\t<\/div>\n\t\t\t\t\t<\/div>\n\t\t\t\t\t<div class=\"ar-sponsor-1\">\n\t\t\t\t\t\t<div class=\"ar-sponsor-slider swiper-container\">\n\t\t\t\t\t\t\t<div class=\"swiper-wrapper\">\n                                \t\t\t\t\t\t\t\t<div class=\"swiper-slide\">\n\t\t\t\t\t\t\t\t\t<div class=\"sponsor-img\">\n\t\t\t\t\t\t\t\t\t\t<img decoding=\"async\" class=\"hover_img_1\" src=\"\" alt=\"\">\n\t\t\t\t\t\t\t\t\t\t<img decoding=\"async\" class=\"hover_img_2\" src=\"\" alt=\"\">\n\t\t\t\t\t\t\t\t\t<\/div>\n\t\t\t\t\t\t\t\t<\/div>\n\t\t\t\t\t\t\t\t\t\t\t\t\t\t\t<\/div>\n\t\t\t\t\t\t<\/div>\n\t\t\t\t\t<\/div>\n\t\t\t\t<\/div>\n                \t\t\t<\/div>\n\t\t<\/div>\n\t<\/section>\t\n\t\t\t\t\t<\/div>\n\t\t\t\t<\/div>\n\t\t\t\t\t<\/div>\n\t\t<\/div>\n\t\t\t\t\t<\/div>\n\t\t<\/section>\n\t\t\t\t<section class=\"elementor-section elementor-top-section elementor-element elementor-element-eda11fe elementor-section-boxed elementor-section-height-default elementor-section-height-default\" data-id=\"eda11fe\" data-element_type=\"section\">\n\t\t\t\t\t\t<div class=\"elementor-container elementor-column-gap-default\">\n\t\t\t\t\t<div class=\"elementor-column elementor-col-100 elementor-top-column elementor-element elementor-element-22580ba\" data-id=\"22580ba\" data-element_type=\"column\">\n\t\t\t<div class=\"elementor-widget-wrap elementor-element-populated\">\n\t\t\t\t\t\t<div class=\"elementor-element elementor-element-510d8f1 elementor-widget elementor-widget-archid-section-heading\" data-id=\"510d8f1\" data-element_type=\"widget\" data-widget_type=\"archid-section-heading.default\">\n\t\t\t\t<div class=\"elementor-widget-container\">\n\t\t\t\t\t<div class=\"ar-section-title-2 headline pera-content prthalign\">\n     \n    <div class=\"subtitle position-relative text-uppercase wow fadeInRight\"  data-wow-delay=\"400ms\" data-wow-duration=\"1200ms\">\n        <div class=\"subtitle-shape position-absolute\">\n            <svg width=\"87\" height=\"66\" viewbox=\"0 0 87 66\" fill=\"none\" xmlns=\"http:\/\/www.w3.org\/2000\/svg\">\n                <path d=\"M84 3H29C14.6406 3 3 14.6406 3 29V63\" stroke=\"white\"\/>\n                <circle cx=\"84\" cy=\"3\" r=\"3\" fill=\"white\"\/>\n                <circle cx=\"3\" cy=\"63\" r=\"3\" fill=\"white\"\/>\n            <\/svg>\n        <\/div>\n        Das neuste von uns    <\/div>\n        <h2 class=\"sec_title tx-split-text split-in-up\">News<\/h2>\n\n    <\/div>\t\t\t\t<\/div>\n\t\t\t\t<\/div>\n\t\t\t\t<div class=\"elementor-element elementor-element-b99366d elementor-widget elementor-widget-bin-archid-blog\" data-id=\"b99366d\" data-element_type=\"widget\" data-widget_type=\"bin-archid-blog.default\">\n\t\t\t\t<div class=\"elementor-widget-container\">\n\t\t\t\t\t        <div class=\"ar-blog-content\">\n            <div class=\"ar-blog-item-wrapper wow fadeInUp\"  data-wow-delay=\"400ms\" data-wow-duration=\"1000ms\">\n                <div class=\"ar-blog-slider swiper-container\">\n                    <div class=\"swiper-wrapper\">\n                                                <div class=\"swiper-slide\">\n                            <div class=\"ar-blog-item\">\n                                <div class=\"ar-blog-img\">\n                                    <img fetchpriority=\"high\" decoding=\"async\" width=\"1820\" height=\"1024\" src=\"https:\/\/integratex-institut.com\/wp-content\/uploads\/2025\/01\/envato-labs-image-edit.png\" class=\"attachment-full size-full wp-post-image\" alt=\"\" srcset=\"https:\/\/integratex-institut.com\/wp-content\/uploads\/2025\/01\/envato-labs-image-edit.png 1820w, https:\/\/integratex-institut.com\/wp-content\/uploads\/2025\/01\/envato-labs-image-edit-300x169.png 300w, https:\/\/integratex-institut.com\/wp-content\/uploads\/2025\/01\/envato-labs-image-edit-1024x576.png 1024w, https:\/\/integratex-institut.com\/wp-content\/uploads\/2025\/01\/envato-labs-image-edit-768x432.png 768w, https:\/\/integratex-institut.com\/wp-content\/uploads\/2025\/01\/envato-labs-image-edit-1536x864.png 1536w, https:\/\/integratex-institut.com\/wp-content\/uploads\/2025\/01\/envato-labs-image-edit-18x10.png 18w, https:\/\/integratex-institut.com\/wp-content\/uploads\/2025\/01\/envato-labs-image-edit-600x338.png 600w, https:\/\/integratex-institut.com\/wp-content\/uploads\/2025\/01\/envato-labs-image-edit-1170x658.png 1170w, https:\/\/integratex-institut.com\/wp-content\/uploads\/2025\/01\/envato-labs-image-edit-760x428.png 760w, https:\/\/integratex-institut.com\/wp-content\/uploads\/2025\/01\/envato-labs-image-edit-370x208.png 370w, https:\/\/integratex-institut.com\/wp-content\/uploads\/2025\/01\/envato-labs-image-edit-270x152.png 270w\" sizes=\"(max-width: 1820px) 100vw, 1820px\" \/>                                <\/div>\n                                <div class=\"ar-blog-text headline\">\n                                    <span class=\"blog-cate text-uppercase\">        <a href=\"https:\/\/integratex-institut.com\/en\/category\/nachhaltigkeit\/\">\n            <span>Nachhaltigkeit<\/span> \n        <\/a>\n    <\/span>\n                                    <h3 class=\"blog_title\"><a href=\"https:\/\/integratex-institut.com\/en\/5-dinge-ueber-nachhaltige-klamotten\/\">5 Dinge \u00fcber nachhaltige Klamotten<\/a><\/h3>\n                                    <div class=\"blog-meta\">\n                                        <span>Posted by<\/span><a href=\"#\"> we-admin <\/a>\n                                        <span>on<\/span><a href=\"#\"> 3. May 2026 <\/a>\n                                    <\/div>\n                                <\/div>\n                            <\/div>\n                        <\/div>\n                                                <div class=\"swiper-slide\">\n                            <div class=\"ar-blog-item\">\n                                <div class=\"ar-blog-img\">\n                                    <img decoding=\"async\" width=\"1344\" height=\"768\" src=\"https:\/\/integratex-institut.com\/wp-content\/uploads\/2025\/01\/envato-labs-ai-90191a76-0a48-4c36-978c-423799127750.webp\" class=\"attachment-full size-full wp-post-image\" alt=\"\" srcset=\"https:\/\/integratex-institut.com\/wp-content\/uploads\/2025\/01\/envato-labs-ai-90191a76-0a48-4c36-978c-423799127750.webp 1344w, https:\/\/integratex-institut.com\/wp-content\/uploads\/2025\/01\/envato-labs-ai-90191a76-0a48-4c36-978c-423799127750-300x171.webp 300w, https:\/\/integratex-institut.com\/wp-content\/uploads\/2025\/01\/envato-labs-ai-90191a76-0a48-4c36-978c-423799127750-1024x585.webp 1024w, https:\/\/integratex-institut.com\/wp-content\/uploads\/2025\/01\/envato-labs-ai-90191a76-0a48-4c36-978c-423799127750-768x439.webp 768w, https:\/\/integratex-institut.com\/wp-content\/uploads\/2025\/01\/envato-labs-ai-90191a76-0a48-4c36-978c-423799127750-18x10.webp 18w, https:\/\/integratex-institut.com\/wp-content\/uploads\/2025\/01\/envato-labs-ai-90191a76-0a48-4c36-978c-423799127750-600x343.webp 600w, https:\/\/integratex-institut.com\/wp-content\/uploads\/2025\/01\/envato-labs-ai-90191a76-0a48-4c36-978c-423799127750-760x434.webp 760w, https:\/\/integratex-institut.com\/wp-content\/uploads\/2025\/01\/envato-labs-ai-90191a76-0a48-4c36-978c-423799127750-370x211.webp 370w\" sizes=\"(max-width: 1344px) 100vw, 1344px\" \/>                                <\/div>\n                                <div class=\"ar-blog-text headline\">\n                                    <span class=\"blog-cate text-uppercase\">        <a href=\"https:\/\/integratex-institut.com\/en\/category\/nachhaltigkeit\/\">\n            <span>Nachhaltigkeit<\/span> \n        <\/a>\n    <\/span>\n                                    <h3 class=\"blog_title\"><a href=\"https:\/\/integratex-institut.com\/en\/ressourcenschonend-hergestellt\/\">Ressourcenschonend hergestellt<\/a><\/h3>\n                                    <div class=\"blog-meta\">\n                                        <span>Posted by<\/span><a href=\"#\"> we-admin <\/a>\n                                        <span>on<\/span><a href=\"#\"> 3. May 2026 <\/a>\n                                    <\/div>\n                                <\/div>\n                            <\/div>\n                        <\/div>\n                                            <\/div>\n                    <div class=\"ar-blog-pagination text-center\">\n                    <\/div>\n                <\/div>\n            <\/div>\n        <\/div>\n    \t\t\t\t<\/div>\n\t\t\t\t<\/div>\n\t\t\t\t\t<\/div>\n\t\t<\/div>\n\t\t\t\t\t<\/div>\n\t\t<\/section>\n\t\t\t\t<\/div>","protected":false},"excerpt":{"rendered":"<p>Das wollen wir erreichen Forschung, die bewegt Durch die Adaption nat\u00fcrlicher Mechanismen, etwa der Temperaturregulierung oder Zellregulation, kann diese Kleidung den Sauerstoffgehalt erh\u00f6hen, die Herzrate st\u00e4rken und die Regeneration f\u00f6rdern. Sie kann das Wohlbefinden steigern, indem sie nat\u00fcrliche Prozesse wie die Regulierung von Feuchtigkeit, die mikroelektrische Spannung der Haut oder antibakterielle F\u00e4higkeiten optimiert. Dabei bleibt [&hellip;]<\/p>","protected":false},"author":1,"featured_media":0,"parent":0,"menu_order":0,"comment_status":"closed","ping_status":"closed","template":"","meta":{"give_campaign_id":0,"footnotes":""},"class_list":["post-6","page","type-page","status-publish","hentry"],"campaignId":"","_links":{"self":[{"href":"https:\/\/integratex-institut.com\/en\/wp-json\/wp\/v2\/pages\/6","targetHints":{"allow":["GET"]}}],"collection":[{"href":"https:\/\/integratex-institut.com\/en\/wp-json\/wp\/v2\/pages"}],"about":[{"href":"https:\/\/integratex-institut.com\/en\/wp-json\/wp\/v2\/types\/page"}],"author":[{"embeddable":true,"href":"https:\/\/integratex-institut.com\/en\/wp-json\/wp\/v2\/users\/1"}],"replies":[{"embeddable":true,"href":"https:\/\/integratex-institut.com\/en\/wp-json\/wp\/v2\/comments?post=6"}],"version-history":[{"count":0,"href":"https:\/\/integratex-institut.com\/en\/wp-json\/wp\/v2\/pages\/6\/revisions"}],"wp:attachment":[{"href":"https:\/\/integratex-institut.com\/en\/wp-json\/wp\/v2\/media?parent=6"}],"curies":[{"name":"wp","href":"https:\/\/api.w.org\/{rel}","templated":true}]}}