{"id":705,"date":"2024-01-02T04:52:39","date_gmt":"2024-01-02T04:52:39","guid":{"rendered":"https:\/\/themexriver.com\/wp\/arktec\/?page_id=705"},"modified":"2025-03-27T17:04:05","modified_gmt":"2025-03-27T16:04:05","slug":"kontakt","status":"publish","type":"page","link":"https:\/\/integratex-institut.com\/en\/kontakt\/","title":{"rendered":"Kontakt"},"content":{"rendered":"<div data-elementor-type=\"wp-page\" data-elementor-id=\"705\" class=\"elementor elementor-705\" data-elementor-post-type=\"page\">\n\t\t\t\t\t\t<section class=\"elementor-section elementor-top-section elementor-element elementor-element-43a4829 elementor-section-content-bottom elementor-section-boxed elementor-section-height-default elementor-section-height-default\" data-id=\"43a4829\" data-element_type=\"section\">\n\t\t\t\t\t\t<div class=\"elementor-container elementor-column-gap-default\">\n\t\t\t\t\t<div class=\"elementor-column elementor-col-50 elementor-top-column elementor-element elementor-element-9b765fb\" data-id=\"9b765fb\" data-element_type=\"column\">\n\t\t\t<div class=\"elementor-widget-wrap elementor-element-populated\">\n\t\t\t\t\t\t<div class=\"elementor-element elementor-element-c7339a7 elementor-widget elementor-widget-archid-ct-form\" data-id=\"c7339a7\" data-element_type=\"widget\" data-widget_type=\"archid-ct-form.default\">\n\t\t\t\t<div class=\"elementor-widget-container\">\n\t\t\t\t\t        <div class=\"ar-contact-page-form headline pera-content\">\n            <h3><\/h3>\n            <p><\/p>\n            <p class=\"wpcf7-contact-form-not-found\"><strong>Error:<\/strong> Contact form not found.<\/p>        <\/div>\n\t\t\t\t\t<\/div>\n\t\t\t\t<\/div>\n\t\t\t\t\t<\/div>\n\t\t<\/div>\n\t\t\t\t<div class=\"elementor-column elementor-col-50 elementor-top-column elementor-element elementor-element-a59f333\" data-id=\"a59f333\" data-element_type=\"column\">\n\t\t\t<div class=\"elementor-widget-wrap elementor-element-populated\">\n\t\t\t\t\t\t<div class=\"elementor-element elementor-element-2e71d12 elementor-widget elementor-widget-archid-section-heading\" data-id=\"2e71d12\" data-element_type=\"widget\" data-widget_type=\"archid-section-heading.default\">\n\t\t\t\t<div class=\"elementor-widget-container\">\n\t\t\t\t\t<div class=\"section-title-wrap prthalign\">\n     \n        <h6 class=\"ard-subtitle-9\"><span class=\"icon-1\"><\/span>Du hast Fragen?<\/h6>\n        <h6 class=\"ard-title-9\"><span class=\"ard-title-animation-one\">Wir beantworten <br>sie gern<\/span><\/h6>\n     \n        <p class=\"ard-para-9\"><p style=\"text-align: justify\">Wir beantworten gerne Deine Fragen. Du w\u00fcnschst Vernetzung, m\u00f6chtest uns f\u00fcr ein Interview oder auf Deine Veranstaltung einladen? Kontaktiere uns jetzt<\/p>\n\n\n\n\n\n\n\n<\/p>\n    <\/div>\n\t\t\t\t<\/div>\n\t\t\t\t<\/div>\n\t\t\t\t<div class=\"elementor-element elementor-element-ff8635b elementor-view-default elementor-position-top elementor-mobile-position-top elementor-widget elementor-widget-icon-box\" data-id=\"ff8635b\" data-element_type=\"widget\" data-widget_type=\"icon-box.default\">\n\t\t\t\t<div class=\"elementor-widget-container\">\n\t\t\t\t\t\t\t<div class=\"elementor-icon-box-wrapper\">\n\n\t\t\t\t\t\t<div class=\"elementor-icon-box-icon\">\n\t\t\t\t<span  class=\"elementor-icon\">\n\t\t\t\t\t\t\t\t<\/span>\n\t\t\t<\/div>\n\t\t\t\n\t\t\t\t\t\t<div class=\"elementor-icon-box-content\">\n\n\t\t\t\t\t\t\t\t\t<h3 class=\"elementor-icon-box-title\">\n\t\t\t\t\t\t<span  >\n\t\t\t\t\t\t\tE-Mail\t\t\t\t\t\t<\/span>\n\t\t\t\t\t<\/h3>\n\t\t\t\t\n\t\t\t\t\t\t\t\t\t<p class=\"elementor-icon-box-description\">\n\t\t\t\t\t\tinfo@integratex-institut.com\t\t\t\t\t<\/p>\n\t\t\t\t\n\t\t\t<\/div>\n\t\t\t\n\t\t<\/div>\n\t\t\t\t\t\t<\/div>\n\t\t\t\t<\/div>\n\t\t\t\t<div class=\"elementor-element elementor-element-1684431 elementor-hidden-mobile elementor-widget elementor-widget-spacer\" data-id=\"1684431\" data-element_type=\"widget\" data-widget_type=\"spacer.default\">\n\t\t\t\t<div class=\"elementor-widget-container\">\n\t\t\t\t\t\t\t<div class=\"elementor-spacer\">\n\t\t\t<div class=\"elementor-spacer-inner\"><\/div>\n\t\t<\/div>\n\t\t\t\t\t\t<\/div>\n\t\t\t\t<\/div>\n\t\t\t\t\t<\/div>\n\t\t<\/div>\n\t\t\t\t\t<\/div>\n\t\t<\/section>\n\t\t\t\t<\/div>","protected":false},"excerpt":{"rendered":"<p>Name* Telefon* E-Mail* Nachricht* Senden Du hast Fragen? Wir beantworten sie gern Wir beantworten gerne Deine Fragen. Du w\u00fcnschst Vernetzung, m\u00f6chtest uns f\u00fcr ein Interview oder auf Deine Veranstaltung einladen? Kontaktiere uns jetzt E-Mail info@integratex-institut.com<\/p>","protected":false},"author":1,"featured_media":0,"parent":0,"menu_order":0,"comment_status":"closed","ping_status":"closed","template":"elementor_header_footer","meta":{"give_campaign_id":0,"footnotes":""},"class_list":["post-705","page","type-page","status-publish","hentry"],"campaignId":"","_links":{"self":[{"href":"https:\/\/integratex-institut.com\/en\/wp-json\/wp\/v2\/pages\/705","targetHints":{"allow":["GET"]}}],"collection":[{"href":"https:\/\/integratex-institut.com\/en\/wp-json\/wp\/v2\/pages"}],"about":[{"href":"https:\/\/integratex-institut.com\/en\/wp-json\/wp\/v2\/types\/page"}],"author":[{"embeddable":true,"href":"https:\/\/integratex-institut.com\/en\/wp-json\/wp\/v2\/users\/1"}],"replies":[{"embeddable":true,"href":"https:\/\/integratex-institut.com\/en\/wp-json\/wp\/v2\/comments?post=705"}],"version-history":[{"count":0,"href":"https:\/\/integratex-institut.com\/en\/wp-json\/wp\/v2\/pages\/705\/revisions"}],"wp:attachment":[{"href":"https:\/\/integratex-institut.com\/en\/wp-json\/wp\/v2\/media?parent=705"}],"curies":[{"name":"wp","href":"https:\/\/api.w.org\/{rel}","templated":true}]}}